{"id":111,"date":"2019-03-28T15:38:35","date_gmt":"2019-03-28T14:38:35","guid":{"rendered":"https:\/\/betatest.rds.it\/next\/?page_id=111"},"modified":"2019-04-12T17:54:31","modified_gmt":"2019-04-12T15:54:31","slug":"informativa-cookie","status":"publish","type":"page","link":"https:\/\/www.rds.it\/next-web-radio\/informativa-cookie\/","title":{"rendered":"Informativa Cookie"},"content":{"rendered":"<p><u><b>Cookie Policy<\/b><\/u><\/p>\n<p align=\"JUSTIFY\">Di seguito si riporta la Cookie policy da utilizzare quale informativa estesa ai sensi dell\u2019art. 13 D.lgs. 196\/2003 (di seguito \u201c<b>Codice Privacy<\/b>\u201d) e degli artt. 13 e 14 del Regolamento (UE) 2016\/679 (di seguito \u201c<b>GDPR<\/b>\u201d).<\/p>\n<p align=\"JUSTIFY\"><i>Cosa sono i Cookie?<\/i><\/p>\n<p align=\"JUSTIFY\">I Cookie sono pacchetti di informazioni inviate da un web server (es. il sito) al browser Internet dell\u2019utente, da quest\u2019ultimo memorizzati automaticamente sul computer e rinviati automaticamente al server ad ogni successivo accesso al sito.<\/p>\n<p align=\"JUSTIFY\">Per default quasi tutti i browser web sono impostati per accettare automaticamente i cookie.<\/p>\n<p align=\"JUSTIFY\">Tipicamente i cookie possono essere installati:<\/p>\n<p align=\"JUSTIFY\">\u2022\u00a0Direttamente dal proprietario e\/o responsabile del sito web (c.d.\u00a0<i>cookie di prima parte<\/i>)<\/p>\n<p align=\"JUSTIFY\">\u2022\u00a0da responsabili estranei al sito web visitato dall\u2019utente (c.d.\u00a0<i>cookie di terza parte<\/i>). Ove non diversamente specificato, si rammenta che questi cookie ricadono sotto la diretta ed esclusiva responsabilit\u00e0 dello stesso gestore. Ulteriori informazioni sulla privacy e sul loro uso sono reperibili direttamente sui siti dei rispettivi gestori.<\/p>\n<p align=\"JUSTIFY\">Questo sito web pu\u00f2 utilizzare, anche in combinazione tra di loro i seguenti tipi di cookie classificati in base alle indicazioni del Garante Privacy e dei Pareri emessi in ambito Europeo dal Gruppo di Lavoro ex art. 29:<\/p>\n<ul>\n<li>\n<p align=\"JUSTIFY\"><i><u><b>Sessione<\/b><\/u><\/i>\u00a0che non vengono memorizzati in modo persistente sul computer dell\u2019utente e si cancellano con la chiusura del browser, sono strettamente limitati alla trasmissione di identificativi di sessione necessari per consentire l\u2019esplorazione sicura ed efficiente del sito evitando il ricorso ad altre tecniche informatiche potenzialmente pregiudizievoli per la riservatezza della navigazione degli utenti<\/p>\n<\/li>\n<li>\n<p align=\"JUSTIFY\"><i><u><b>Persistenti<\/b><\/u><\/i>\u00a0che rimangono memorizzati sul disco rigido del computer fino alla loro scadenza o cancellazione da parte degli utenti\/visitatori. Tramite i cookie persistenti i visitatori che accedono al sito (o eventuali altri utenti che impiegano il medesimo computer) vengono automaticamente riconosciuti ad ogni visita. I visitatori possono impostare il browser del computer in modo tale che accetti\/rifiuti tutti i cookie o visualizzi un avviso ogni qual volta viene proposto un cookie, per poter valutare se accettarlo o meno. L\u2019utente pu\u00f2, comunque, modificare la configurazione predefinita e disabilitare i cookie (cio\u00e8 bloccarli in via definitiva), impostando il livello di protezione pi\u00f9 elevato.<\/p>\n<\/li>\n<li>\n<p align=\"JUSTIFY\"><i><u><b>Tecnici<\/b><\/u><\/i>\u00a0sono i cookie utilizzati per autenticarsi, per usufruire di contenuti multimediali tipo flash player o per consentire la scelta della lingua di navigazione. In generale non \u00e8 quindi necessario acquisire il consenso preventivo e informato dell&#8217;utente. Rientrano in questa fattispecie anche i cookie utilizzati per analizzare statisticamente gli accessi\/le visite al sito solo se utilizzati esclusivamente per scopi statistici e tramite la raccolta di informazioni in forma aggregata.<\/p>\n<\/li>\n<li>\n<p align=\"JUSTIFY\"><i><u><b>Non tecnici<\/b><\/u><\/i><i>\u00a0<\/i>sono tutti i cookie usati per finalit\u00e0 di profilazione e marketing. Il loro utilizzo sui terminali degli utenti \u00e8 vietato se questi non siano stati prima adeguatamente informati e non abbiano prestato al riguardo un valido consenso secondo la tecnica dell\u2019opt-in. Questi tipi di cookie sono, a loro volta, raggruppabili in base alle funzioni che assolvono in:<\/p>\n<\/li>\n<\/ul>\n<ul>\n<li>\n<p align=\"JUSTIFY\"><i><u><b>Analitycs<\/b><\/u><\/i><u><b>.<\/b><\/u>\u00a0Sono i cookie utilizzati per raccogliere ed analizzare informazioni statistiche sugli accessi\/le visite al sito web. In alcuni casi, associati ad altre informazioni quali le credenziali inserite per l\u2019accesso ad aree riservate (il proprio indirizzo di posta elettronica e la password), possono essere utilizzate per profilare l\u2019utente (abitudini personali, siti visitati, contenuti scaricati, tipi di interazioni effettuate, ecc.).<\/p>\n<\/li>\n<li>\n<p align=\"JUSTIFY\"><i><u><b>Widgets<\/b><\/u><\/i><i>.\u00a0<\/i>Rientrano in questa categoria tutti quei componenti grafici di una interfaccia utente di un programma, che ha lo scopo di facilitare l&#8217;utente nell&#8217;interazione con il programma stesso. A titolo esemplificativo sono widget i cookie di facebook, google+, twitter.<\/p>\n<\/li>\n<li>\n<p align=\"JUSTIFY\"><i><u><b>Advertsing<\/b><\/u><\/i><i>.<\/i>\u00a0Rientrano in questa categoria i cookie utilizzati per fare pubblicit\u00e0 all\u2019interno di un sito. Google, Tradedoubler rientrano in questa categoria.<\/p>\n<\/li>\n<li>\n<p align=\"JUSTIFY\"><i><u><b>Web beacons<\/b><\/u><\/i><u><b>.<\/b><\/u>\u00a0Rientrano in questa categoria i frammenti di codice che consentono a un sito web di trasferire o raccogliere informazioni attraverso la richiesta di un&#8217;immagine grafica. I siti web possono utilizzarli per diversi fini, quali l&#8217;analisi dell&#8217;uso dei siti web, attivit\u00e0 di controllo e reportistica sulle pubblicit\u00e0 e la personalizzazione di pubblicit\u00e0 e contenuti.<\/p>\n<\/li>\n<\/ul>\n<p align=\"JUSTIFY\"><i>I cookie presenti sul Sito<\/i><\/p>\n<p align=\"JUSTIFY\"><i><u>Cookie tecnici per i quali non \u00e8 richiesto il consenso<\/u><\/i><\/p>\n<p lang=\"en-US\" align=\"JUSTIFY\"><span lang=\"it-IT\">RADIO DIMENSIONE SUONO S.P.A.<\/span><span lang=\"it-IT\">\u00a0installer\u00e0 sul suo dispositivo e, in particolare, nel suo browser o lascer\u00e0 installare a terzi alcuni cookie che ci sono necessari per acquisire o far acquisire a nostri partner informazioni statistiche in forma anonima e aggregata relative alla sua navigazione sulle pagine del Sito.<\/span><\/p>\n<p lang=\"en-US\" align=\"JUSTIFY\"><span lang=\"it-IT\">Si tratta, in particolare, dei cookie relativi ai seguenti servizi di analisi statistica:<\/span><\/p>\n<ul>\n<li>\n<p align=\"JUSTIFY\"><i><b>accounts.google.com<\/b><\/i><\/p>\n<\/li>\n<li>\n<p align=\"JUSTIFY\"><i><b>Google Analytics<\/b><\/i><\/p>\n<\/li>\n<li>\n<p align=\"JUSTIFY\"><i><b>Google DoubleClick<\/b><\/i><\/p>\n<\/li>\n<\/ul>\n<p lang=\"en-US\" align=\"JUSTIFY\"><span lang=\"it-IT\">Oltre ai seguenti cookie per la gestione dei banner pubblicitari<\/span><\/p>\n<ul>\n<li>\n<p align=\"JUSTIFY\"><i><b>.neodatagroup.com<\/b><\/i><\/p>\n<\/li>\n<\/ul>\n<p lang=\"en-US\" align=\"JUSTIFY\"><span lang=\"it-IT\">Per i trattamenti di dati personali che, previo suo consenso, societ\u00e0 terze non note a\u00a0<\/span><span lang=\"it-IT\">RADIO DIMENSIONE SUONO S.P.A.<\/span><span lang=\"it-IT\">\u00a0potrebbero porre in essere attraverso i cookie, collegandosi a questo link ed avvalendosi del relativo servizio potr\u00e0 personalizzare le sue scelte:\u00a0<a href=\"http:\/\/www.youronlinechoices.com\/it\/le-tue-scelte\">http:\/\/www.youronlinechoices.com\/it\/le-tue-scelte<\/a><\/span><\/p>\n<p align=\"JUSTIFY\"><i>Come disabilitare i cookie mediante configurazione del browser<\/i><\/p>\n<p align=\"JUSTIFY\">Se lo desidera pu\u00f2 gestire direttamente i cookie anche attraverso le impostazioni del suo browser. Tuttavia, cancellando i cookies dal browser potrebbe rimuovere le preferenze che ha impostato per i siti del Gruppo, per questo sarebbe opportuno che visitasse periodicamente questa pagina per ricontrollare le sue preferenze.<\/p>\n<p align=\"JUSTIFY\">Per ulteriori informazioni e supporto \u00e8 possibile anche visitare la pagina di aiuto specifica del web browser che si sta utilizzando.<\/p>\n","protected":false},"excerpt":{"rendered":"<p>Cookie Policy Di seguito si riporta la Cookie policy da utilizzare quale informativa estesa ai sensi dell\u2019art. 13 D.lgs. 196\/2003 (di seguito \u201cCodice Privacy\u201d) e degli artt. 13 e 14 del Regolamento (UE) 2016\/679 (di seguito \u201cGDPR\u201d). Cosa sono i Cookie? I Cookie sono pacchetti di informazioni inviate da un web server (es. il sito) [&hellip;]<\/p>\n","protected":false},"author":1,"featured_media":0,"parent":0,"menu_order":0,"comment_status":"closed","ping_status":"closed","template":"","meta":[],"yoast_head":"<!-- This site is optimized with the Yoast SEO plugin v16.2 - https:\/\/yoast.com\/wordpress\/plugins\/seo\/ -->\n<title>Informativa Cookie | RDSNEXT<\/title>\n<meta name=\"robots\" content=\"index, follow, max-snippet:-1, max-image-preview:large, max-video-preview:-1\" \/>\n<link rel=\"canonical\" href=\"https:\/\/www.rds.it\/next-web-radio\/informativa-cookie\" \/>\n<meta property=\"og:locale\" content=\"it_IT\" \/>\n<meta property=\"og:type\" content=\"article\" \/>\n<meta property=\"og:title\" content=\"Informativa Cookie | RDSNEXT\" \/>\n<meta property=\"og:description\" content=\"Cookie Policy Di seguito si riporta la Cookie policy da utilizzare quale informativa estesa ai sensi dell\u2019art. 13 D.lgs. 196\/2003 (di seguito \u201cCodice Privacy\u201d) e degli artt. 13 e 14 del Regolamento (UE) 2016\/679 (di seguito \u201cGDPR\u201d). Cosa sono i Cookie? I Cookie sono pacchetti di informazioni inviate da un web server (es. il sito) [&hellip;]\" \/>\n<meta property=\"og:url\" content=\"https:\/\/www.rds.it\/next-web-radio\/informativa-cookie\/\" \/>\n<meta property=\"og:site_name\" content=\"RDSNEXT\" \/>\n<meta property=\"article:modified_time\" content=\"2019-04-12T15:54:31+00:00\" \/>\n<meta property=\"og:image\" content=\"https:\/\/media.rds.it\/next\/wp-content\/uploads\/2019\/05\/rds_next_share1.jpg\" \/>\n\t<meta property=\"og:image:width\" content=\"1200\" \/>\n\t<meta property=\"og:image:height\" content=\"628\" \/>\n<meta name=\"twitter:card\" content=\"summary_large_image\" \/>\n<meta name=\"twitter:label1\" content=\"Est. reading time\">\n\t<meta name=\"twitter:data1\" content=\"4 minuti\">\n<script type=\"application\/ld+json\" class=\"yoast-schema-graph\">{\"@context\":\"https:\/\/schema.org\",\"@graph\":[{\"@type\":\"WebSite\",\"@id\":\"https:\/\/rdsnext.local.it\/next-web-radio\/#website\",\"url\":\"https:\/\/rdsnext.local.it\/next-web-radio\/\",\"name\":\"RDSNEXT\",\"description\":\"La web radio che \\u00e8 tutta un\\u2019altra story\\u00a0\",\"potentialAction\":[{\"@type\":\"SearchAction\",\"target\":\"https:\/\/rdsnext.local.it\/next-web-radio\/?s={search_term_string}\",\"query-input\":\"required name=search_term_string\"}],\"inLanguage\":\"it-IT\"},{\"@type\":\"WebPage\",\"@id\":\"https:\/\/www.rds.it\/next-web-radio\/informativa-cookie\/#webpage\",\"url\":\"https:\/\/www.rds.it\/next-web-radio\/informativa-cookie\/\",\"name\":\"Informativa Cookie | RDSNEXT\",\"isPartOf\":{\"@id\":\"https:\/\/rdsnext.local.it\/next-web-radio\/#website\"},\"datePublished\":\"2019-03-28T14:38:35+00:00\",\"dateModified\":\"2019-04-12T15:54:31+00:00\",\"breadcrumb\":{\"@id\":\"https:\/\/www.rds.it\/next-web-radio\/informativa-cookie\/#breadcrumb\"},\"inLanguage\":\"it-IT\",\"potentialAction\":[{\"@type\":\"ReadAction\",\"target\":[\"https:\/\/www.rds.it\/next-web-radio\/informativa-cookie\/\"]}]},{\"@type\":\"BreadcrumbList\",\"@id\":\"https:\/\/www.rds.it\/next-web-radio\/informativa-cookie\/#breadcrumb\",\"itemListElement\":[{\"@type\":\"ListItem\",\"position\":1,\"item\":{\"@type\":\"WebPage\",\"@id\":\"https:\/\/www.rds.it\/next-web-radio\/\",\"url\":\"https:\/\/www.rds.it\/next-web-radio\/\",\"name\":\"Home\"}},{\"@type\":\"ListItem\",\"position\":2,\"item\":{\"@id\":\"https:\/\/www.rds.it\/next-web-radio\/informativa-cookie\/#webpage\"}}]}]}<\/script>\n<!-- \/ Yoast SEO plugin. -->","_links":{"self":[{"href":"https:\/\/www.rds.it\/next-web-radio\/wp-json\/wp\/v2\/pages\/111"}],"collection":[{"href":"https:\/\/www.rds.it\/next-web-radio\/wp-json\/wp\/v2\/pages"}],"about":[{"href":"https:\/\/www.rds.it\/next-web-radio\/wp-json\/wp\/v2\/types\/page"}],"author":[{"embeddable":true,"href":"https:\/\/www.rds.it\/next-web-radio\/wp-json\/wp\/v2\/users\/1"}],"replies":[{"embeddable":true,"href":"https:\/\/www.rds.it\/next-web-radio\/wp-json\/wp\/v2\/comments?post=111"}],"version-history":[{"count":2,"href":"https:\/\/www.rds.it\/next-web-radio\/wp-json\/wp\/v2\/pages\/111\/revisions"}],"predecessor-version":[{"id":253,"href":"https:\/\/www.rds.it\/next-web-radio\/wp-json\/wp\/v2\/pages\/111\/revisions\/253"}],"wp:attachment":[{"href":"https:\/\/www.rds.it\/next-web-radio\/wp-json\/wp\/v2\/media?parent=111"}],"curies":[{"name":"wp","href":"https:\/\/api.w.org\/{rel}","templated":true}]}}